{"id":77,"date":"2023-03-10T17:22:36","date_gmt":"2023-03-10T16:22:36","guid":{"rendered":"https:\/\/www.studiomedicomadonia.it\/chirurgia-ortopedica-palermo\/?page_id=77"},"modified":"2023-03-13T09:56:36","modified_gmt":"2023-03-13T08:56:36","slug":"itdp","status":"publish","type":"page","link":"https:\/\/www.studiomedicomadonia.it\/chirurgia-ortopedica-palermo\/itdp\/","title":{"rendered":"<strong>INFORMATIVA AL TRATTAMENTO DEI DATI PERSONALI<\/strong>"},"content":{"rendered":"\n<p class=\"has-text-align-center\"><a href=\"https:\/\/www.studiomedicomadonia.it\/chirurgia-ortopedica-palermo\/wp-content\/uploads\/2023\/03\/Informativa-clienti.pdf\">SCARICA IL PDF <\/a><\/p>\n\n\n\n<p><strong>Art. 13-14 del GDPR 679\/16 e D. lgs 101\/2018 per il Trattamento dei dati personali<\/strong><\/p>\n\n\n\n<p><strong>INFORMATIVA AL TRATTAMENTO DEI DATI PERSONALI<\/strong><\/p>\n\n\n\n<p><\/p>\n\n\n\n<h2 class=\"wp-block-heading\">SALICE MEDICA SOCIETA\u2019 TRA PROFESSIONISTI S.R.L.<\/h2>\n\n\n\n<h3 class=\"wp-block-heading\">Informativa clienti<\/h3>\n\n\n\n<p><br>Pag. 1 \/ 5<br><strong>INFORMATIVA AL TRATTAMENTO DEI DATI PERSONALI<\/strong><br>Art. 13-14 del GDPR 679\/16 e D. lgs 101\/2018 per il Trattamento dei dati personali<br>Palermo, 01\/03\/2023<br><strong>INFORMATIVA AL TRATTAMENTO DEI DATI PERSONALI<\/strong><br>Il Regolamento sulla protezione delle persone fisiche con riguardo al trattamento dei dati personali,<br>nonch\u00e9 alla libera circolazione di tali dati, contiene una serie di norme dirette a garantire che il<br>trattamento dei dati personali si svolga nel rispetto dei diritti e delle libert\u00e0 fondamentali delle<br>persone. La presente informativa ne recepisce le previsioni.<br>I dati personali dell&#8217;utente sono utilizzati da SALICE MEDICA SOCIETA\u2019 TRA PROFESSIONISTI<br>S.R.L., che ne \u00e8 titolare per il trattamento, nel rispetto dei principi di protezione dei dati personali<br>stabiliti dal Regolamento GDPR 2016\/679 e della normativa nazionale in vigore.<br><strong>MODALIT\u00c0 E FINALIT\u00c0 DEL TRATTAMENTO DATI<\/strong><br>1. La informiamo che i dati verranno trattati con il supporto dei seguenti mezzi:<br>\u2022 Informatica<br>\u2022 Mista &#8211; elettronica e cartacea<br>con le seguenti finalit\u00e0:<br>\u2022 Adempimenti di obblighi amministrativo-contabili<br>\u2022 Analisi generale clientela<br>\u2022 Anamnesi paziente<br>\u2022 Attivit\u00e0 di gestione referti esami diagnostici<br>\u2022 Consulenza e assistenza tecnica<br>\u2022 Diagnosi, cura e terapia dei pazienti<br>\u2022 Elaborazione, stampa, imbustamento e spedizione\/invio delle fatture (fatturazione<br>elettronica)<br>\u2022 Erogazione del servizio<br>\u2022 Gestione crediti<br>\u2022 Gestione del contenzioso<br>\u2022 Gestione della clientela (contratti, ordini, spedizioni e fatture)<br>\u2022 Gestione prenotazioni<br>\u2022 Invio di comunicazioni di cortesia e\/o di materiale promozionale\/informativo<br>\u2022 Servizi a tutela di consumatori e utenti<br>\u2022 Servizio di accettazione dei pagamenti<br>\u2022 Strumenti di pagamento elettronici (carte di credito e debito moneta elettronica)<br>\u2022 Trattamento dei dati per finalit\u00e0 di esecuzione del contratto<br><strong>BASE GIURIDICA<\/strong><br>2. Le basi giuridiche su cui si fonda il trattamento per i dati comuni, secondo l&#8217;Art.6 del<br>Regolamento GDPR, sono:<br>\u2022 Legge;<br>\u2022 Legittimo interesse (Prevenzioni delle frodi, salvaguardia di interessi strategici aziendali e<br>relativi rapporti commerciali);SALICE MEDICA SOCIETA\u2019 TRA PROFESSIONISTI S.R.L.<br>Informativa clienti<\/p>\n\n\n\n<p><br>Pag. 2 \/ 5<br>La base giuridica su cui si fonda il trattamento per categorie particolari di dati personali, secondo<br>l&#8217;Art.9 del Regolamento GDPR, \u00e8:<br>\u2022 Consenso;<br>Il conferimento dei dati \u00e8 obbligatorio per tutto quanto \u00e8 richiesto dagli obblighi legali e<br>contrattuali e pertanto l&#8217;eventuale rifiuto a fornirli in tutto o in parte pu\u00f2 dar luogo all&#8217;impossibilit\u00e0 di<br>fornire i servizi richiesti.<br>La societ\u00e0 tratta i dati facoltativi degli utenti in base al consenso, ossia mediante<br>l\u2019approvazione esplicita della presente policy privacy e in relazione alle modalit\u00e0 e finalit\u00e0 di<br>seguito descritte.<br><strong>CATEGORIE DI DESTINATARI<\/strong><br>3. Ferme restando le comunicazioni eseguite in adempimento di obblighi di legge e contrattuali,<br>tutti i dati raccolti ed elaborati potranno essere comunicati esclusivamente per le finalit\u00e0 sopra<br>specificate alle seguenti categorie di destinatari:<br>\u2022 Consulenti e liberi professionisti anche in forma associata;<br>\u2022 Persone autorizzate;<br>\u2022 Responsabili esterni;<br>\u2022 Responsabili interni;<br>\u2022 Professionisti e strutture sanitarie<br>\u2022 Fornitori di servizi internet;<br>\u2022 Gestori di posta elettronica.<br>Nella gestione dei suoi dati, inoltre, possono venire a conoscenza degli stessi le categorie di<br>persone autorizzate e\/o responsabili interni ed esterni individuati per iscritto ed ai quali sono<br>state fornite specifiche istruzioni scritte circa il trattamento dei dati, secondo le modalit\u00e0<br>previste dal Regolamento (UE) n. 2016\/679.<br>Inoltre potr\u00e0 rivolgersi alla nostra struttura per richiedere informazioni sui soggetti autorizzati al<br>trattamento e sui responsabili interni ed esterni.<br><strong>CATEGORIE DI DATI PERSONALI<\/strong><br>4. Secondo quanto esplicitato dall&#8217;articolo 14 del Regolamento GDPR, non essendo stati ottenuti i<br>dati presso l&#8217;interessato, si riportano le categorie di dati personali oggetto di trattamento:<br>\u2022 Adesioni a fondi assistenziali, casse aziendali o enti vari;<br>\u2022 Anagrafica dei clienti;<br>\u2022 Codice fiscale ed altri numeri di identificazione personale (carte sanitarie);<br>\u2022 Dati anagrafici;<br>\u2022 Dati idonei a rilevare appartenenza a categorie protette;<br>\u2022 Dati idonei a rilevare caratteristiche o idoneit\u00e0 psico-fisiche;<br>\u2022 Dati relativi alla famiglia e a situazioni personali (stato civile, minori, figli, soggetti a carico,<br>consanguinei, altri appartenenti al nucleo familiare);<br>\u2022 Dati idonei a rilevare malattie infettive e diffusive;<br>\u2022 Dati idonei a rilevare lo stato di disabilit\u00e0;<br>\u2022 Dati idonei a rilevare lo stato di gravidanza;<br>\u2022 Dati identificativi (ragione o denominazione sociale, ovvero nome e cognome delle persone<br>fisiche, indirizzo sede, telefono, fax, e-mail, dati fiscali, ecc.);<br>\u2022 Dati relativi alla prestazione lavorativa;<br>\u2022 Dati sui minori;<br>\u2022 Dati sanitari;<br>\u2022 Dati sulla salute;<br>\u2022 Pagamenti;SALICE MEDICA SOCIETA\u2019 TRA PROFESSIONISTI S.R.L.<br>Informativa clienti<\/p>\n\n\n\n<p><br>Pag. 3 \/ 5<br>\u2022 Particolari (sensibili).<br><strong>PERIODO DI CONSERVAZIONE<\/strong><br>I dati saranno conservati da SALICE MEDICA SOCIETA\u2019 TRA PROFESSIONISTI S.R.L. per tutto<br>il periodo necessario all\u2019erogazione dei servizi richiesti, per i tempi successivi necessari ad<br>adempiere alle norme di legge, nonch\u00e9 per i tempi necessari per permettere un\u2019eventuale difesa e<br>tutela in giudizio.<br>In ogni caso i seguenti termini di conservazione si applicheranno con riferimento ai trattamenti dei<br>Dati Personali per le finalit\u00e0 riportate di seguito:<br>\u2022 per le \u201cFinalit\u00e0 Contrattuali\u201d e di \u201cInteresse Legittimo\u201d i Dati Personali vengono conservati<br>per un periodo pari alla durata del rapporto di affiliazione (durata dell\u2019iscrizione ivi inclusi<br>eventuali rinnovi) e per i 10 anni successivi al termine, risoluzione o recesso dallo stesso,<br>fatti salvi i casi in cui la conservazione per un periodo successivo sia richiesta per eventuali<br>contenziosi, richieste delle autorit\u00e0 competenti o ai sensi della normativa applicabile;<br><strong>DIRITTI DELL\u2019INTERESSATO<\/strong><br>5. Ai sensi del Regolamento europeo 679\/2016 (GDPR) e della normativa nazionale in vigore,<br>l&#8217;interessato pu\u00f2, secondo le modalit\u00e0 e nei limiti previsti dalla vigente normativa, esercitare i<br>seguenti diritti:<br>\u2022 richiedere la conferma dell&#8217;esistenza di dati personali che lo riguardano (diritto di accesso<br>dell\u2019interessato \u2013 art. 15 del Regolamento 679\/2016);<br>\u2022 conoscerne l&#8217;origine;<br>\u2022 riceverne comunicazione intelligibile;<br>\u2022 avere informazioni circa la logica, le modalit\u00e0 e le finalit\u00e0 del trattamento;<br>\u2022 richiederne l&#8217;aggiornamento, la rettifica, l&#8217;integrazione, la cancellazione, la trasformazione in<br>forma anonima, il blocco dei dati trattati in violazione di legge, ivi compresi quelli non pi\u00f9<br>necessari al perseguimento degli scopi per i quali sono stati raccolti (diritto di rettifica e<br>cancellazione \u2013 artt. 16 e 17 del Regolamento 679\/2016);<br>\u2022 diritto di limitazione e\/o di opposizione al trattamento dei dati che lo riguardano (art. 18 del<br>Regolamento 679\/2016);<br>\u2022 diritto di revoca;<br>\u2022 diritto alla portabilit\u00e0 dei dati (art. 20 del Regolamento 679\/2016);<br>\u2022 nei casi di trattamento basato su consenso, ricevere i propri dati forniti al titolare, in forma<br>strutturata e leggibile da un elaboratore di dati e in un formato comunemente usato da un<br>dispositivo elettronico;<br>\u2022 il diritto di presentare un reclamo all\u2019Autorit\u00e0 di controllo (diritto di accesso dell\u2019interessato \u2013<br>art. 15 del Regolamento 679\/2016).<br>Qualora l\u2019interessato abbia prestato il consenso al trattamento dei dati personali per una o pi\u00f9<br>finalit\u00e0 per le quali \u00e8 stato richiesto, potr\u00e0, in qualsiasi momento, revocarlo totalmente e\/o<br>parzialmente senza pregiudicare la liceit\u00e0 del trattamento basata sul consenso prestato prima della<br>revoca. Le modalit\u00e0 di revoca del consenso sono molto semplici ed intuitive baster\u00e0 contattare il<br>titolare del trattamento utilizzando i canali di contatto riportarti all\u2019interno della presente Informativa.<br>In aggiunta a quanto sopra e per semplicit\u00e0, qualora l\u2019Interessato si trovasse nella condizione di<br>ricevere messaggi di posta elettronica pubblicati da parte del titolare del trattamento che non siano<br>pi\u00f9 di interesse, sar\u00e0 sufficiente inviare una email a myriloub@gmail.com chiedendo di non<br>ricevere pi\u00f9 nessuna comunicazione anche attraverso ulteriori canali di contatto per i quali era<br>stato ottenuto il consenso.<br>RECLAMOSALICE MEDICA SOCIETA\u2019 TRA PROFESSIONISTI S.R.L.<br>Informativa clienti<br>Pag. 4 \/ 5<\/p>\n\n\n\n<p><br>Si ricorda che ai sensi dell\u2019art. 77 del regolamento UE n. 2016\/679 la S.V. potr\u00e0 proporre reclamo<br>all\u2019Autorit\u00e0 Garante in caso di violazione della normativa vigente in materia di protezione dei dati<br>personali.<br>Titolare del trattamento dei Suoi dati personali \u00e8 SALICE MEDICA SOCIETA\u2019 TRA<br>PROFESSIONISTI S.R.L., p.iva 06405700821, nella persona del suo rappresentante legale, Dott.<br>MADONIA GIOVANNI, c.f. MDNGNN64M07G273D, LOUBAUD MYRIAM, c.f.<br>LBDMRM76C63Z110I.<br>\u2022 Email: myriamloubaud@icloud.com<br>myriam@kriosmedical.it<br>myriloub@gmail.com<br>\u2022 Contatto telefonico : 091 346630<br>\u2022 PEC: salicemedica@pec.it<br>6. Ci riserviamo il diritto di aggiornare, modificare, aggiungere o cancellare in qualsiasi<br>momento parti di questa informativa. Pertanto qualora si verificassero i seguenti casi:<br>&#8211; modifiche significative al trattamento dei dati particolari;<br>&#8211; cambiamento delle finalit\u00e0 presenti al punto 1. della presente informativa;<br>verr\u00e0 richiesta nuovamente la vostra approvazione in conformit\u00e0 con la legislazione applicabile.<br>Il trattamento non comporta un processo decisionale automatizzato di dati personali e non \u00e8<br>soggetto a profilazione.<br>****************<a href=\"mailto:myriamloubaud@icloud.com\"><\/a><a href=\"mailto:myriam@kriosmedical.it\"><\/a><a href=\"mailto:salicemedica@pec.it\"><\/a>SALICE MEDICA SOCIETA\u2019 TRA PROFESSIONISTI S.R.L.<br>Informativa clienti<br>Pag. 5 \/ 5<\/p>\n\n\n\n<p class=\"has-text-align-center\"><a href=\"https:\/\/www.studiomedicomadonia.it\/chirurgia-ortopedica-palermo\/wp-content\/uploads\/2023\/03\/Informativa-clienti.pdf\">SCARICA IL PDF <\/a><\/p>\n","protected":false},"excerpt":{"rendered":"<p>SCARICA IL PDF Art. 13-14 del GDPR 679\/16 e D. lgs 101\/2018 per il Trattamento dei dati personali INFORMATIVA AL TRATTAMENTO DEI DATI PERSONALI SALICE MEDICA SOCIETA\u2019 TRA PROFESSIONISTI S.R.L. &#8230;<\/p>\n","protected":false},"author":1,"featured_media":0,"parent":0,"menu_order":0,"comment_status":"closed","ping_status":"closed","template":"","meta":{"footnotes":""},"class_list":["post-77","page","type-page","status-publish","hentry"],"yoast_head":"<!-- This site is optimized with the Yoast SEO plugin v27.5 - https:\/\/yoast.com\/product\/yoast-seo-wordpress\/ -->\n<title>INFORMATIVA AL TRATTAMENTO DEI DATI PERSONALI - Dottore Giovanni Madonia - Specialista in Chirurgia Ortopedica - Traumatologia dello Sport e Artroscopia - Palermo<\/title>\n<meta name=\"robots\" content=\"index, follow, max-snippet:-1, max-image-preview:large, max-video-preview:-1\" \/>\n<link rel=\"canonical\" href=\"https:\/\/www.studiomedicomadonia.it\/chirurgia-ortopedica-palermo\/itdp\/\" \/>\n<meta property=\"og:locale\" content=\"it_IT\" \/>\n<meta property=\"og:type\" content=\"article\" \/>\n<meta property=\"og:title\" content=\"INFORMATIVA AL TRATTAMENTO DEI DATI PERSONALI - Dottore Giovanni Madonia - Specialista in Chirurgia Ortopedica - Traumatologia dello Sport e Artroscopia - Palermo\" \/>\n<meta property=\"og:description\" content=\"SCARICA IL PDF Art. 13-14 del GDPR 679\/16 e D. lgs 101\/2018 per il Trattamento dei dati personali INFORMATIVA AL TRATTAMENTO DEI DATI PERSONALI SALICE MEDICA SOCIETA\u2019 TRA PROFESSIONISTI S.R.L. ...\" \/>\n<meta property=\"og:url\" content=\"https:\/\/www.studiomedicomadonia.it\/chirurgia-ortopedica-palermo\/itdp\/\" \/>\n<meta property=\"og:site_name\" content=\"Dottore Giovanni Madonia - Specialista in Chirurgia Ortopedica - Traumatologia dello Sport e Artroscopia - Palermo\" \/>\n<meta property=\"article:modified_time\" content=\"2023-03-13T08:56:36+00:00\" \/>\n<meta name=\"twitter:card\" content=\"summary_large_image\" \/>\n<meta name=\"twitter:label1\" content=\"Tempo di lettura stimato\" \/>\n\t<meta name=\"twitter:data1\" content=\"8 minuti\" \/>\n<script type=\"application\/ld+json\" class=\"yoast-schema-graph\">{\"@context\":\"https:\\\/\\\/schema.org\",\"@graph\":[{\"@type\":\"WebPage\",\"@id\":\"https:\\\/\\\/www.studiomedicomadonia.it\\\/chirurgia-ortopedica-palermo\\\/itdp\\\/\",\"url\":\"https:\\\/\\\/www.studiomedicomadonia.it\\\/chirurgia-ortopedica-palermo\\\/itdp\\\/\",\"name\":\"INFORMATIVA AL TRATTAMENTO DEI DATI PERSONALI - Dottore Giovanni Madonia - Specialista in Chirurgia Ortopedica - Traumatologia dello Sport e Artroscopia - Palermo\",\"isPartOf\":{\"@id\":\"https:\\\/\\\/www.studiomedicomadonia.it\\\/chirurgia-ortopedica-palermo\\\/#website\"},\"datePublished\":\"2023-03-10T16:22:36+00:00\",\"dateModified\":\"2023-03-13T08:56:36+00:00\",\"breadcrumb\":{\"@id\":\"https:\\\/\\\/www.studiomedicomadonia.it\\\/chirurgia-ortopedica-palermo\\\/itdp\\\/#breadcrumb\"},\"inLanguage\":\"it-IT\",\"potentialAction\":[{\"@type\":\"ReadAction\",\"target\":[\"https:\\\/\\\/www.studiomedicomadonia.it\\\/chirurgia-ortopedica-palermo\\\/itdp\\\/\"]}]},{\"@type\":\"BreadcrumbList\",\"@id\":\"https:\\\/\\\/www.studiomedicomadonia.it\\\/chirurgia-ortopedica-palermo\\\/itdp\\\/#breadcrumb\",\"itemListElement\":[{\"@type\":\"ListItem\",\"position\":1,\"name\":\"Home\",\"item\":\"https:\\\/\\\/www.studiomedicomadonia.it\\\/chirurgia-ortopedica-palermo\\\/\"},{\"@type\":\"ListItem\",\"position\":2,\"name\":\"INFORMATIVA AL TRATTAMENTO DEI DATI PERSONALI\"}]},{\"@type\":\"WebSite\",\"@id\":\"https:\\\/\\\/www.studiomedicomadonia.it\\\/chirurgia-ortopedica-palermo\\\/#website\",\"url\":\"https:\\\/\\\/www.studiomedicomadonia.it\\\/chirurgia-ortopedica-palermo\\\/\",\"name\":\"Dottore Giovanni Madonia - Specialista in Chirurgia Ortopedica - Traumatologia dello Sport e Artroscopia - Palermo\",\"description\":\"\",\"publisher\":{\"@id\":\"https:\\\/\\\/www.studiomedicomadonia.it\\\/chirurgia-ortopedica-palermo\\\/#organization\"},\"potentialAction\":[{\"@type\":\"SearchAction\",\"target\":{\"@type\":\"EntryPoint\",\"urlTemplate\":\"https:\\\/\\\/www.studiomedicomadonia.it\\\/chirurgia-ortopedica-palermo\\\/?s={search_term_string}\"},\"query-input\":{\"@type\":\"PropertyValueSpecification\",\"valueRequired\":true,\"valueName\":\"search_term_string\"}}],\"inLanguage\":\"it-IT\"},{\"@type\":\"Organization\",\"@id\":\"https:\\\/\\\/www.studiomedicomadonia.it\\\/chirurgia-ortopedica-palermo\\\/#organization\",\"name\":\"Dottore Giovanni Madonia - Specialista in Chirurgia Ortopedica - Traumatologia dello Sport e Artroscopia - Palermo\",\"url\":\"https:\\\/\\\/www.studiomedicomadonia.it\\\/chirurgia-ortopedica-palermo\\\/\",\"logo\":{\"@type\":\"ImageObject\",\"inLanguage\":\"it-IT\",\"@id\":\"https:\\\/\\\/www.studiomedicomadonia.it\\\/chirurgia-ortopedica-palermo\\\/#\\\/schema\\\/logo\\\/image\\\/\",\"url\":\"https:\\\/\\\/www.studiomedicomadonia.it\\\/chirurgia-ortopedica-palermo\\\/wp-content\\\/uploads\\\/2018\\\/04\\\/logo-madonia-3.png\",\"contentUrl\":\"https:\\\/\\\/www.studiomedicomadonia.it\\\/chirurgia-ortopedica-palermo\\\/wp-content\\\/uploads\\\/2018\\\/04\\\/logo-madonia-3.png\",\"width\":450,\"height\":108,\"caption\":\"Dottore Giovanni Madonia - Specialista in Chirurgia Ortopedica - Traumatologia dello Sport e Artroscopia - Palermo\"},\"image\":{\"@id\":\"https:\\\/\\\/www.studiomedicomadonia.it\\\/chirurgia-ortopedica-palermo\\\/#\\\/schema\\\/logo\\\/image\\\/\"}}]}<\/script>\n<!-- \/ Yoast SEO plugin. -->","yoast_head_json":{"title":"INFORMATIVA AL TRATTAMENTO DEI DATI PERSONALI - Dottore Giovanni Madonia - Specialista in Chirurgia Ortopedica - Traumatologia dello Sport e Artroscopia - Palermo","robots":{"index":"index","follow":"follow","max-snippet":"max-snippet:-1","max-image-preview":"max-image-preview:large","max-video-preview":"max-video-preview:-1"},"canonical":"https:\/\/www.studiomedicomadonia.it\/chirurgia-ortopedica-palermo\/itdp\/","og_locale":"it_IT","og_type":"article","og_title":"INFORMATIVA AL TRATTAMENTO DEI DATI PERSONALI - Dottore Giovanni Madonia - Specialista in Chirurgia Ortopedica - Traumatologia dello Sport e Artroscopia - Palermo","og_description":"SCARICA IL PDF Art. 13-14 del GDPR 679\/16 e D. lgs 101\/2018 per il Trattamento dei dati personali INFORMATIVA AL TRATTAMENTO DEI DATI PERSONALI SALICE MEDICA SOCIETA\u2019 TRA PROFESSIONISTI S.R.L. ...","og_url":"https:\/\/www.studiomedicomadonia.it\/chirurgia-ortopedica-palermo\/itdp\/","og_site_name":"Dottore Giovanni Madonia - Specialista in Chirurgia Ortopedica - Traumatologia dello Sport e Artroscopia - Palermo","article_modified_time":"2023-03-13T08:56:36+00:00","twitter_card":"summary_large_image","twitter_misc":{"Tempo di lettura stimato":"8 minuti"},"schema":{"@context":"https:\/\/schema.org","@graph":[{"@type":"WebPage","@id":"https:\/\/www.studiomedicomadonia.it\/chirurgia-ortopedica-palermo\/itdp\/","url":"https:\/\/www.studiomedicomadonia.it\/chirurgia-ortopedica-palermo\/itdp\/","name":"INFORMATIVA AL TRATTAMENTO DEI DATI PERSONALI - Dottore Giovanni Madonia - Specialista in Chirurgia Ortopedica - Traumatologia dello Sport e Artroscopia - Palermo","isPartOf":{"@id":"https:\/\/www.studiomedicomadonia.it\/chirurgia-ortopedica-palermo\/#website"},"datePublished":"2023-03-10T16:22:36+00:00","dateModified":"2023-03-13T08:56:36+00:00","breadcrumb":{"@id":"https:\/\/www.studiomedicomadonia.it\/chirurgia-ortopedica-palermo\/itdp\/#breadcrumb"},"inLanguage":"it-IT","potentialAction":[{"@type":"ReadAction","target":["https:\/\/www.studiomedicomadonia.it\/chirurgia-ortopedica-palermo\/itdp\/"]}]},{"@type":"BreadcrumbList","@id":"https:\/\/www.studiomedicomadonia.it\/chirurgia-ortopedica-palermo\/itdp\/#breadcrumb","itemListElement":[{"@type":"ListItem","position":1,"name":"Home","item":"https:\/\/www.studiomedicomadonia.it\/chirurgia-ortopedica-palermo\/"},{"@type":"ListItem","position":2,"name":"INFORMATIVA AL TRATTAMENTO DEI DATI PERSONALI"}]},{"@type":"WebSite","@id":"https:\/\/www.studiomedicomadonia.it\/chirurgia-ortopedica-palermo\/#website","url":"https:\/\/www.studiomedicomadonia.it\/chirurgia-ortopedica-palermo\/","name":"Dottore Giovanni Madonia - Specialista in Chirurgia Ortopedica - Traumatologia dello Sport e Artroscopia - Palermo","description":"","publisher":{"@id":"https:\/\/www.studiomedicomadonia.it\/chirurgia-ortopedica-palermo\/#organization"},"potentialAction":[{"@type":"SearchAction","target":{"@type":"EntryPoint","urlTemplate":"https:\/\/www.studiomedicomadonia.it\/chirurgia-ortopedica-palermo\/?s={search_term_string}"},"query-input":{"@type":"PropertyValueSpecification","valueRequired":true,"valueName":"search_term_string"}}],"inLanguage":"it-IT"},{"@type":"Organization","@id":"https:\/\/www.studiomedicomadonia.it\/chirurgia-ortopedica-palermo\/#organization","name":"Dottore Giovanni Madonia - Specialista in Chirurgia Ortopedica - Traumatologia dello Sport e Artroscopia - Palermo","url":"https:\/\/www.studiomedicomadonia.it\/chirurgia-ortopedica-palermo\/","logo":{"@type":"ImageObject","inLanguage":"it-IT","@id":"https:\/\/www.studiomedicomadonia.it\/chirurgia-ortopedica-palermo\/#\/schema\/logo\/image\/","url":"https:\/\/www.studiomedicomadonia.it\/chirurgia-ortopedica-palermo\/wp-content\/uploads\/2018\/04\/logo-madonia-3.png","contentUrl":"https:\/\/www.studiomedicomadonia.it\/chirurgia-ortopedica-palermo\/wp-content\/uploads\/2018\/04\/logo-madonia-3.png","width":450,"height":108,"caption":"Dottore Giovanni Madonia - Specialista in Chirurgia Ortopedica - Traumatologia dello Sport e Artroscopia - Palermo"},"image":{"@id":"https:\/\/www.studiomedicomadonia.it\/chirurgia-ortopedica-palermo\/#\/schema\/logo\/image\/"}}]}},"_links":{"self":[{"href":"https:\/\/www.studiomedicomadonia.it\/chirurgia-ortopedica-palermo\/wp-json\/wp\/v2\/pages\/77","targetHints":{"allow":["GET"]}}],"collection":[{"href":"https:\/\/www.studiomedicomadonia.it\/chirurgia-ortopedica-palermo\/wp-json\/wp\/v2\/pages"}],"about":[{"href":"https:\/\/www.studiomedicomadonia.it\/chirurgia-ortopedica-palermo\/wp-json\/wp\/v2\/types\/page"}],"author":[{"embeddable":true,"href":"https:\/\/www.studiomedicomadonia.it\/chirurgia-ortopedica-palermo\/wp-json\/wp\/v2\/users\/1"}],"replies":[{"embeddable":true,"href":"https:\/\/www.studiomedicomadonia.it\/chirurgia-ortopedica-palermo\/wp-json\/wp\/v2\/comments?post=77"}],"version-history":[{"count":6,"href":"https:\/\/www.studiomedicomadonia.it\/chirurgia-ortopedica-palermo\/wp-json\/wp\/v2\/pages\/77\/revisions"}],"predecessor-version":[{"id":87,"href":"https:\/\/www.studiomedicomadonia.it\/chirurgia-ortopedica-palermo\/wp-json\/wp\/v2\/pages\/77\/revisions\/87"}],"wp:attachment":[{"href":"https:\/\/www.studiomedicomadonia.it\/chirurgia-ortopedica-palermo\/wp-json\/wp\/v2\/media?parent=77"}],"curies":[{"name":"wp","href":"https:\/\/api.w.org\/{rel}","templated":true}]}}